{"id":25959,"date":"2021-02-04T09:04:07","date_gmt":"2021-02-04T09:04:07","guid":{"rendered":"https:\/\/jetskidream.turitop.net\/?page_id=25959"},"modified":"2022-03-05T11:37:22","modified_gmt":"2022-03-05T11:37:22","slug":"cumplimiento-con-el-rgpd","status":"publish","type":"page","link":"https:\/\/test.jetskidream.com\/fr\/cumplimiento-con-el-rgpd\/","title":{"rendered":"Conformit\u00e9 au GDPR"},"content":{"rendered":"<div data-elementor-type=\"wp-page\" data-elementor-id=\"25959\" class=\"elementor elementor-25959\">\n\t\t\t\t\t\t<div class=\"elementor-inner\">\n\t\t\t\t<div class=\"elementor-section-wrap\">\n\t\t\t\t\t\t\t\t\t<section data-particle_enable=\"false\" data-particle-mobile-disabled=\"false\" class=\"elementor-section elementor-top-section elementor-element elementor-element-37a7814 elementor-section-full_width elementor-section-stretched elementor-section-height-default elementor-section-height-default elementor-invisible\" data-id=\"37a7814\" data-element_type=\"section\" data-settings=\"{&quot;stretch_section&quot;:&quot;section-stretched&quot;,&quot;animation&quot;:&quot;fadeInDown&quot;}\">\n\t\t\t\t\t\t\t<div class=\"elementor-background-overlay\"><\/div>\n\t\t\t\t\t\t\t<div class=\"elementor-container elementor-column-gap-default\">\n\t\t\t\t\t\t\t<div class=\"elementor-row\">\n\t\t\t\t\t<div class=\"elementor-column elementor-col-100 elementor-top-column elementor-element elementor-element-e061c5e\" data-id=\"e061c5e\" data-element_type=\"column\">\n\t\t\t<div class=\"elementor-column-wrap elementor-element-populated\">\n\t\t\t\t\t\t\t<div class=\"elementor-widget-wrap\">\n\t\t\t\t\t\t<div class=\"elementor-element elementor-element-b4eae6c elementor-widget elementor-widget-heading\" data-id=\"b4eae6c\" data-element_type=\"widget\" data-widget_type=\"heading.default\">\n\t\t\t\t<div class=\"elementor-widget-container\">\n\t\t\t<h2 class=\"elementor-heading-title elementor-size-default\">GDPR<\/h2>\t\t<\/div>\n\t\t\t\t<\/div>\n\t\t\t\t<div class=\"elementor-element elementor-element-6fa07c7 elementor-widget elementor-widget-text-editor\" data-id=\"6fa07c7\" data-element_type=\"widget\" data-widget_type=\"text-editor.default\">\n\t\t\t\t<div class=\"elementor-widget-container\">\n\t\t\t\t\t\t\t\t<div class=\"elementor-text-editor elementor-clearfix\">\n\t\t\t\t<section class=\"sectionHeader scrollTarget scrollTarget-GDPR\"><div class=\"container\"><h2>CONFORMIT\u00c9 AVEC LE RGPD<\/h2><div><p>Nous nous conformons au r\u00e8glement (UE) 2016\/679 du Parlement europ\u00e9en et du Conseil du 27 avril 2016 (GDPR).<\/p><p>\u00a0<\/p><\/div><\/div><\/section><section class=\"sectionContent\"><div class=\"container\"><div class=\"\"><h3>LE R\u00c8GLEMENT G\u00c9N\u00c9RAL SUR LA PROTECTION DES DONN\u00c9ES (RGPD) EST UN R\u00c8GLEMENT SUR L'UTILISATION ET LE TRAITEMENT DES DONN\u00c9ES PERSONNELLES QUI CONCERNE TOUS LES PAYS DE L'UE ET QUI EST OBLIGATOIRE DEPUIS LE 25 MAI 2018.<\/h3><p>Ce nouveau r\u00e8glement stipule que toutes les entreprises, quel que soit leur pays d'origine ou d'activit\u00e9, doivent s'y conformer si elles collectent, stockent, traitent, utilisent ou g\u00e8rent tout type de donn\u00e9es de citoyens europ\u00e9ens.<\/p><p>JETSKIDREAM, S.L. recueille et stocke les donn\u00e9es de ses clients de mani\u00e8re responsable, en pr\u00e9venant toujours les utilisateurs qui fournissent leurs donn\u00e9es par voie \u00e9lectronique que celles-ci seront incluses dans une base de donn\u00e9es appartenant \u00e0 l'entreprise et qu'ils ont le droit de les rectifier et de les supprimer.<\/p><h3>CI-DESSOUS, ET CONFORM\u00c9MENT AU RGPD EUROP\u00c9EN, LES CARACT\u00c9RISTIQUES DU TRAITEMENT, DE LA COLLECTE ET DE L'UTILISATION DES DONN\u00c9ES FOURNIES PAR LES UTILISATEURS, LES CLIENTS ET LES FOURNISSEURS \u00c0 JETSKIDREAM, S.L. SONT D\u00c9TAILL\u00c9ES.<\/h3><p><strong>RESPONSABLE<\/strong><\/p><p>JETSKIDREAM, S.L., avec CIF : B-21.589.320 et avec adresse fiscale \u00e0 PASEO DEL PINILLO, 21400 - AYAMONTE (HUELVA). Courriel : info@jetskidream.com<\/p><p><strong>OBJECTIFS<\/strong><\/p><p>Nous traiterons vos donn\u00e9es \u00e0 des fins de gestion administrative, comptable et fiscale, ainsi que pour permettre l'achat de produits en ligne et l'envoi de communications.<\/p><p><strong>CONSERVATION<\/strong><\/p><p>Les donn\u00e9es personnelles fournies seront conserv\u00e9es tant que la relation avec nous est maintenue et que leur suppression n'est pas demand\u00e9e par l'int\u00e9ress\u00e9, elles seront conserv\u00e9es conform\u00e9ment aux d\u00e9lais l\u00e9gaux \u00e9tablis en mati\u00e8re fiscale et comptable, en prenant comme r\u00e9f\u00e9rence la derni\u00e8re communication.<\/p><p><strong>D\u00c9CISIONS<\/strong><\/p><p>L'entreprise ne prendra PAS de d\u00e9cisions automatis\u00e9es, de profilage ou de logique appliqu\u00e9e \u00e0 vos donn\u00e9es.<\/p><p><strong>L\u00c9GITIMACIT\u00c9<\/strong><\/p><p>Parce que le traitement est n\u00e9cessaire pour l'ex\u00e9cution d'une proposition \u00e9conomique, la fourniture d'informations ou un contrat commercial, auquel l'utilisateur peut \u00eatre partie. La communication des donn\u00e9es \u00e0 caract\u00e8re personnel \u00e9tant une exigence l\u00e9gale ou contractuelle et une condition n\u00e9cessaire \u00e0 la conclusion d'un contrat, les personnes concern\u00e9es sont inform\u00e9es qu'elles sont tenues de fournir les donn\u00e9es \u00e0 caract\u00e8re personnel, de m\u00eame que les cons\u00e9quences d'un manquement \u00e0 cette obligation peuvent entra\u00eener la non fourniture du service demand\u00e9.<\/p><p><strong>CIBLE<\/strong><\/p><p>Pendant la dur\u00e9e du traitement, JETSKIDREAM, S.L. n'effectuera aucun transfert, sauf si elle y est l\u00e9galement oblig\u00e9e, ni aucun transfert quel qu'il soit.<\/p><p><strong>DROITS<\/strong><\/p><p>Les utilisateurs peuvent exercer les droits suivants :<\/p><ul><li>Demander l'acc\u00e8s \u00e0 vos donn\u00e9es personnelles.<\/li><li>Demander sa rectification ou son effacement.<\/li><li>Demander la limitation de leur traitement.<\/li><li>Traitement oppos\u00e9.<\/li><li>Demandez la portabilit\u00e9 des donn\u00e9es.<\/li><li>Retirer le consentement.<\/li><\/ul><p>Toute personne a le droit d'obtenir la confirmation que nous traitons ou non des donn\u00e9es personnelles la concernant. Les parties int\u00e9ress\u00e9es ont le droit d'acc\u00e9der \u00e0 leurs donn\u00e9es personnelles, ainsi que de demander la rectification des donn\u00e9es inexactes ou, le cas \u00e9ch\u00e9ant, de demander leur suppression lorsque, entre autres raisons, les donn\u00e9es ne sont plus n\u00e9cessaires aux fins pour lesquelles elles ont \u00e9t\u00e9 collect\u00e9es.<\/p><p>Dans certaines circonstances, les personnes concern\u00e9es peuvent nous demander de restreindre le traitement de leurs donn\u00e9es, auquel cas nous ne conserverons les donn\u00e9es que dans le but d'exercer ou de d\u00e9fendre des revendications. Dans certaines circonstances et pour des raisons tenant \u00e0 leur situation particuli\u00e8re, les personnes concern\u00e9es peuvent s'opposer au traitement de leurs donn\u00e9es. Dans ce cas, nous cesserons de traiter les donn\u00e9es, sauf pour des raisons l\u00e9gitimes imp\u00e9rieuses, ou pour l'exercice ou la d\u00e9fense d'\u00e9ventuelles r\u00e9clamations.<\/p><p>Si vous avez donn\u00e9 votre consentement pour une finalit\u00e9 sp\u00e9cifique, vous avez le droit de retirer le consentement donn\u00e9 \u00e0 tout moment, sans que cela n'affecte la demande de traitement fond\u00e9e sur le consentement avant son retrait. Pour ce faire, vous pouvez \u00e9crire \u00e0 JETSKIDREAM, S.L. (Traitement des donn\u00e9es) - PASEO DEL PINILLO, 11, 21400 - AYAMONTE (HUELVA). Vous pouvez \u00e9galement envoyer un courriel \u00e0 : info@jetskidream.com.<\/p><p>Conform\u00e9ment \u00e0 l'article 21 de la loi 34\/2002 sur les services de la soci\u00e9t\u00e9 de l'information et le commerce \u00e9lectronique, si vous ne souhaitez plus recevoir d'informations sur nos services, vous pouvez vous d\u00e9sinscrire en cliquant sur le lien de d\u00e9sinscription que vous trouverez dans toutes nos notifications, tant celles envoy\u00e9es par voie \u00e9lectronique que par courrier postal. Vous pouvez \u00e9galement le faire en cliquant directement sur ce lien.<\/p><p>Les utilisateurs de notre plateforme de commerce \u00e9lectronique en ligne ont le droit \u00e0 la portabilit\u00e9, qui permet \u00e0 la partie int\u00e9ress\u00e9e de demander un fichier dans un format structur\u00e9, couramment utilis\u00e9 et lisible par machine, contenant ses donn\u00e9es personnelles, afin de pouvoir les transmettre \u00e0 une autre entit\u00e9. Pour ce faire, vous pouvez \u00e9crire \u00e0 JETSKIDREAM, S.L. (Traitement des donn\u00e9es) - PASEO DEL PINILLO, 11, 21400 - AYAMONTE (HUELVA). Vous pouvez \u00e9galement envoyer un courriel \u00e0 : info@jetskidream.com. En raison de la sensibilit\u00e9 de ces donn\u00e9es, JETSKIDREAM, S.L. prendra les mesures n\u00e9cessaires pour v\u00e9rifier l'identit\u00e9 du demandeur et qu'elle correspond aux donn\u00e9es auxquelles vous souhaitez acc\u00e9der.<\/p><p><strong>L'ORIGINE DES DONN\u00c9ES<\/strong><\/p><p>Les donn\u00e9es personnelles que nous traitons chez JETSKIDREAM, S.L. sont fournies exclusivement par les int\u00e9ress\u00e9s, qui fournissent leurs donn\u00e9es en vertu de l'accord \u00e9nonc\u00e9 dans notre politique de confidentialit\u00e9. Ces donn\u00e9es sont collect\u00e9es sur nos sites web ou par t\u00e9l\u00e9phone lorsque la partie int\u00e9ress\u00e9e les fournit consciemment et volontairement pour demander des informations ou passer une commande.<\/p><p>Les cat\u00e9gories de donn\u00e9es trait\u00e9es sont :<\/p><ul><li>Donn\u00e9es d'identification<\/li><li>Codes d'identification ou cl\u00e9s<\/li><li>Adresses postale et \u00e9lectronique<\/li><li>Informations commerciales<\/li><li>Donn\u00e9es \u00e9conomiques<\/li><li>Commandes et achats de nos produits ou services par la partie int\u00e9ress\u00e9e<\/li><\/ul><p>Aucune donn\u00e9e sp\u00e9cialement prot\u00e9g\u00e9e n'est trait\u00e9e.<\/p><\/div><\/div><\/section>\t\t\t\t\t<\/div>\n\t\t\t\t\t\t<\/div>\n\t\t\t\t<\/div>\n\t\t\t\t\t\t<\/div>\n\t\t\t\t\t<\/div>\n\t\t<\/div>\n\t\t\t\t\t\t\t\t<\/div>\n\t\t\t\t\t<\/div>\n\t\t<\/section>\n\t\t\t\t\t\t\t\t\t<\/div>\n\t\t\t<\/div>\n\t\t\t\t\t<\/div>","protected":false},"excerpt":{"rendered":"<p>CONFORMIT\u00c9 AU GDPR Nous respectons le r\u00e8glement (UE) 2016\/679 du Parlement europ\u00e9en et du Conseil du 27 avril 2016 (GDPR) LE R\u00c8GLEMENT G\u00c9N\u00c9RAL SUR LA PROTECTION DES DONN\u00c9ES (GDPR) EST UN R\u00c8GLEMENT SUR L'UTILISATION ET LE TRAITEMENT DES DONN\u00c9ES PERSONNELLES QUI CONCERNE TOUS LES PAYS DE L'UNION EUROP\u00c9ENNE ET [...]<\/p>","protected":false},"author":14,"featured_media":0,"parent":0,"menu_order":0,"comment_status":"closed","ping_status":"closed","template":"","meta":{"footnotes":""},"yoast_head":"<!-- This site is optimized with the Yoast SEO plugin v20.9 - https:\/\/yoast.com\/wordpress\/plugins\/seo\/ -->\n<title>Cumplimiento con el RGPD - JetSkiDream<\/title>\n<meta name=\"robots\" content=\"noindex, follow, max-snippet:-1, max-image-preview:large, max-video-preview:-1\" \/>\n<meta property=\"og:locale\" content=\"fr_FR\" \/>\n<meta property=\"og:type\" content=\"article\" \/>\n<meta property=\"og:title\" content=\"Cumplimiento con el RGPD - JetSkiDream\" \/>\n<meta property=\"og:description\" content=\"RGPD CUMPLIMIENTO CON EL RGPD Cumplimos con Reglamento (UE) 2016\/679 del Parlamento Europeo y del Consejo de 27 de Abril de 2016 (RGPD) \u00a0 EL REGLAMENTO GENERAL DE PROTECCI\u00d3N DE DATOS (RGPD) ES UNA NORMA SOBRE EL USO Y TRATAMIENTO DE DATOS PERSONALES QUE AFECTA A TODOS LOS PA\u00cdSES DE LA UNI\u00d3N EUROPEA Y ES [&hellip;]\" \/>\n<meta property=\"og:url\" content=\"http:\/\/test.jetskidream.com\/fr\/cumplimiento-con-el-rgpd\/\" \/>\n<meta property=\"og:site_name\" content=\"JetSkiDream\" \/>\n<meta property=\"article:modified_time\" content=\"2022-03-05T11:37:22+00:00\" \/>\n<meta name=\"twitter:card\" content=\"summary_large_image\" \/>\n<meta name=\"twitter:label1\" content=\"Dur\u00e9e de lecture estim\u00e9e\" \/>\n\t<meta name=\"twitter:data1\" content=\"4 minutes\" \/>\n<script type=\"application\/ld+json\" class=\"yoast-schema-graph\">{\"@context\":\"https:\/\/schema.org\",\"@graph\":[{\"@type\":\"WebPage\",\"@id\":\"http:\/\/test.jetskidream.com\/de\/cumplimiento-con-el-rgpd\/\",\"url\":\"http:\/\/test.jetskidream.com\/de\/cumplimiento-con-el-rgpd\/\",\"name\":\"Cumplimiento con el RGPD - JetSkiDream\",\"isPartOf\":{\"@id\":\"https:\/\/test.jetskidream.com\/#website\"},\"datePublished\":\"2021-02-04T09:04:07+00:00\",\"dateModified\":\"2022-03-05T11:37:22+00:00\",\"breadcrumb\":{\"@id\":\"http:\/\/test.jetskidream.com\/de\/cumplimiento-con-el-rgpd\/#breadcrumb\"},\"inLanguage\":\"fr-FR\",\"potentialAction\":[{\"@type\":\"ReadAction\",\"target\":[\"http:\/\/test.jetskidream.com\/de\/cumplimiento-con-el-rgpd\/\"]}]},{\"@type\":\"BreadcrumbList\",\"@id\":\"http:\/\/test.jetskidream.com\/de\/cumplimiento-con-el-rgpd\/#breadcrumb\",\"itemListElement\":[{\"@type\":\"ListItem\",\"position\":1,\"name\":\"Home\",\"item\":\"https:\/\/test.jetskidream.com\/\"},{\"@type\":\"ListItem\",\"position\":2,\"name\":\"Cumplimiento con el RGPD\"}]},{\"@type\":\"WebSite\",\"@id\":\"https:\/\/test.jetskidream.com\/#website\",\"url\":\"https:\/\/test.jetskidream.com\/\",\"name\":\"JetSkiDream\",\"description\":\"360\u00ba de oc\u00e9ano para ti\",\"publisher\":{\"@id\":\"https:\/\/test.jetskidream.com\/#organization\"},\"potentialAction\":[{\"@type\":\"SearchAction\",\"target\":{\"@type\":\"EntryPoint\",\"urlTemplate\":\"https:\/\/test.jetskidream.com\/?s={search_term_string}\"},\"query-input\":\"required name=search_term_string\"}],\"inLanguage\":\"fr-FR\"},{\"@type\":\"Organization\",\"@id\":\"https:\/\/test.jetskidream.com\/#organization\",\"name\":\"JetSkiDream\",\"url\":\"https:\/\/test.jetskidream.com\/\",\"logo\":{\"@type\":\"ImageObject\",\"inLanguage\":\"fr-FR\",\"@id\":\"https:\/\/test.jetskidream.com\/#\/schema\/logo\/image\/\",\"url\":\"https:\/\/test.jetskidream.com\/wp-content\/uploads\/2021\/01\/logo-cop333ia0.png\",\"contentUrl\":\"https:\/\/test.jetskidream.com\/wp-content\/uploads\/2021\/01\/logo-cop333ia0.png\",\"width\":550,\"height\":173,\"caption\":\"JetSkiDream\"},\"image\":{\"@id\":\"https:\/\/test.jetskidream.com\/#\/schema\/logo\/image\/\"}}]}<\/script>\n<!-- \/ Yoast SEO plugin. -->","yoast_head_json":{"title":"Cumplimiento con el RGPD - JetSkiDream","robots":{"index":"noindex","follow":"follow","max-snippet":"max-snippet:-1","max-image-preview":"max-image-preview:large","max-video-preview":"max-video-preview:-1"},"og_locale":"fr_FR","og_type":"article","og_title":"Cumplimiento con el RGPD - JetSkiDream","og_description":"RGPD CUMPLIMIENTO CON EL RGPD Cumplimos con Reglamento (UE) 2016\/679 del Parlamento Europeo y del Consejo de 27 de Abril de 2016 (RGPD) \u00a0 EL REGLAMENTO GENERAL DE PROTECCI\u00d3N DE DATOS (RGPD) ES UNA NORMA SOBRE EL USO Y TRATAMIENTO DE DATOS PERSONALES QUE AFECTA A TODOS LOS PA\u00cdSES DE LA UNI\u00d3N EUROPEA Y ES [&hellip;]","og_url":"http:\/\/test.jetskidream.com\/fr\/cumplimiento-con-el-rgpd\/","og_site_name":"JetSkiDream","article_modified_time":"2022-03-05T11:37:22+00:00","twitter_card":"summary_large_image","twitter_misc":{"Dur\u00e9e de lecture estim\u00e9e":"4 minutes"},"schema":{"@context":"https:\/\/schema.org","@graph":[{"@type":"WebPage","@id":"http:\/\/test.jetskidream.com\/de\/cumplimiento-con-el-rgpd\/","url":"http:\/\/test.jetskidream.com\/de\/cumplimiento-con-el-rgpd\/","name":"Cumplimiento con el RGPD - JetSkiDream","isPartOf":{"@id":"https:\/\/test.jetskidream.com\/#website"},"datePublished":"2021-02-04T09:04:07+00:00","dateModified":"2022-03-05T11:37:22+00:00","breadcrumb":{"@id":"http:\/\/test.jetskidream.com\/de\/cumplimiento-con-el-rgpd\/#breadcrumb"},"inLanguage":"fr-FR","potentialAction":[{"@type":"ReadAction","target":["http:\/\/test.jetskidream.com\/de\/cumplimiento-con-el-rgpd\/"]}]},{"@type":"BreadcrumbList","@id":"http:\/\/test.jetskidream.com\/de\/cumplimiento-con-el-rgpd\/#breadcrumb","itemListElement":[{"@type":"ListItem","position":1,"name":"Home","item":"https:\/\/test.jetskidream.com\/"},{"@type":"ListItem","position":2,"name":"Cumplimiento con el RGPD"}]},{"@type":"WebSite","@id":"https:\/\/test.jetskidream.com\/#website","url":"https:\/\/test.jetskidream.com\/","name":"JetSkiDream","description":"360\u00ba de oc\u00e9ano para ti","publisher":{"@id":"https:\/\/test.jetskidream.com\/#organization"},"potentialAction":[{"@type":"SearchAction","target":{"@type":"EntryPoint","urlTemplate":"https:\/\/test.jetskidream.com\/?s={search_term_string}"},"query-input":"required name=search_term_string"}],"inLanguage":"fr-FR"},{"@type":"Organization","@id":"https:\/\/test.jetskidream.com\/#organization","name":"JetSkiDream","url":"https:\/\/test.jetskidream.com\/","logo":{"@type":"ImageObject","inLanguage":"fr-FR","@id":"https:\/\/test.jetskidream.com\/#\/schema\/logo\/image\/","url":"https:\/\/test.jetskidream.com\/wp-content\/uploads\/2021\/01\/logo-cop333ia0.png","contentUrl":"https:\/\/test.jetskidream.com\/wp-content\/uploads\/2021\/01\/logo-cop333ia0.png","width":550,"height":173,"caption":"JetSkiDream"},"image":{"@id":"https:\/\/test.jetskidream.com\/#\/schema\/logo\/image\/"}}]}},"_links":{"self":[{"href":"https:\/\/test.jetskidream.com\/fr\/wp-json\/wp\/v2\/pages\/25959"}],"collection":[{"href":"https:\/\/test.jetskidream.com\/fr\/wp-json\/wp\/v2\/pages"}],"about":[{"href":"https:\/\/test.jetskidream.com\/fr\/wp-json\/wp\/v2\/types\/page"}],"author":[{"embeddable":true,"href":"https:\/\/test.jetskidream.com\/fr\/wp-json\/wp\/v2\/users\/14"}],"replies":[{"embeddable":true,"href":"https:\/\/test.jetskidream.com\/fr\/wp-json\/wp\/v2\/comments?post=25959"}],"version-history":[{"count":0,"href":"https:\/\/test.jetskidream.com\/fr\/wp-json\/wp\/v2\/pages\/25959\/revisions"}],"wp:attachment":[{"href":"https:\/\/test.jetskidream.com\/fr\/wp-json\/wp\/v2\/media?parent=25959"}],"curies":[{"name":"wp","href":"https:\/\/api.w.org\/{rel}","templated":true}]}}