{"id":27104,"date":"2021-05-13T11:28:30","date_gmt":"2021-05-13T11:28:30","guid":{"rendered":"https:\/\/jetskidream.turitop.net\/?page_id=27104"},"modified":"2022-07-08T05:25:40","modified_gmt":"2022-07-08T05:25:40","slug":"motos-de-agua","status":"publish","type":"page","link":"https:\/\/test.jetskidream.com\/fr\/motos-de-agua\/","title":{"rendered":"Jet skis"},"content":{"rendered":"<div data-elementor-type=\"wp-page\" data-elementor-id=\"27104\" class=\"elementor elementor-27104\">\n\t\t\t\t\t\t<div class=\"elementor-inner\">\n\t\t\t\t<div class=\"elementor-section-wrap\">\n\t\t\t\t\t\t\t\t\t<section data-particle_enable=\"false\" data-particle-mobile-disabled=\"false\" class=\"elementor-section elementor-top-section elementor-element elementor-element-b0b1bad elementor-section-boxed elementor-section-height-default elementor-section-height-default\" data-id=\"b0b1bad\" data-element_type=\"section\" data-settings=\"{&quot;background_background&quot;:&quot;classic&quot;}\">\n\t\t\t\t\t\t\t<div class=\"elementor-background-overlay\"><\/div>\n\t\t\t\t\t\t\t<div class=\"elementor-container elementor-column-gap-default\">\n\t\t\t\t\t\t\t<div class=\"elementor-row\">\n\t\t\t\t\t<div class=\"elementor-column elementor-col-100 elementor-top-column elementor-element elementor-element-659035a0\" data-id=\"659035a0\" data-element_type=\"column\">\n\t\t\t<div class=\"elementor-column-wrap elementor-element-populated\">\n\t\t\t\t\t\t\t<div class=\"elementor-widget-wrap\">\n\t\t\t\t\t\t<div class=\"elementor-element elementor-element-169a6c9f elementor-widget elementor-widget-heading\" data-id=\"169a6c9f\" data-element_type=\"widget\" data-widget_type=\"heading.default\">\n\t\t\t\t<div class=\"elementor-widget-container\">\n\t\t\t<h2 class=\"elementor-heading-title elementor-size-default\">Jet skis<\/h2>\t\t<\/div>\n\t\t\t\t<\/div>\n\t\t\t\t\t\t<\/div>\n\t\t\t\t\t<\/div>\n\t\t<\/div>\n\t\t\t\t\t\t\t\t<\/div>\n\t\t\t\t\t<\/div>\n\t\t<\/section>\n\t\t\t\t<section data-particle_enable=\"false\" data-particle-mobile-disabled=\"false\" class=\"elementor-section elementor-top-section elementor-element elementor-element-af5af2f elementor-section-boxed elementor-section-height-default elementor-section-height-default\" data-id=\"af5af2f\" data-element_type=\"section\">\n\t\t\t\t\t\t<div class=\"elementor-container elementor-column-gap-default\">\n\t\t\t\t\t\t\t<div class=\"elementor-row\">\n\t\t\t\t\t<div class=\"elementor-column elementor-col-100 elementor-top-column elementor-element elementor-element-7df8481\" data-id=\"7df8481\" data-element_type=\"column\">\n\t\t\t<div class=\"elementor-column-wrap elementor-element-populated\">\n\t\t\t\t\t\t\t<div class=\"elementor-widget-wrap\">\n\t\t\t\t\t\t<div class=\"elementor-element elementor-element-5d791b1 elementor-widget elementor-widget-heading\" data-id=\"5d791b1\" data-element_type=\"widget\" data-widget_type=\"heading.default\">\n\t\t\t\t<div class=\"elementor-widget-container\">\n\t\t\t<h2 class=\"elementor-heading-title elementor-size-default\">Nous vous offrons la plus grande et la plus r\u00e9cente flotte de SEA DOO sur la c\u00f4te de Huelva. Une nouvelle moto con\u00e7ue pour vivre des exp\u00e9riences inoubliables, gr\u00e2ce \u00e0 ses caract\u00e9ristiques haut de gamme.<\/h2>\t\t<\/div>\n\t\t\t\t<\/div>\n\t\t\t\t\t\t<\/div>\n\t\t\t\t\t<\/div>\n\t\t<\/div>\n\t\t\t\t\t\t\t\t<\/div>\n\t\t\t\t\t<\/div>\n\t\t<\/section>\n\t\t\t\t<section data-particle_enable=\"false\" data-particle-mobile-disabled=\"false\" class=\"elementor-section elementor-top-section elementor-element elementor-element-2e41dfa elementor-section-stretched elementor-section-boxed elementor-section-height-default elementor-section-height-default\" data-id=\"2e41dfa\" data-element_type=\"section\" data-settings=\"{&quot;stretch_section&quot;:&quot;section-stretched&quot;}\">\n\t\t\t\t\t\t<div class=\"elementor-container elementor-column-gap-default\">\n\t\t\t\t\t\t\t<div class=\"elementor-row\">\n\t\t\t\t\t<div class=\"elementor-column elementor-col-100 elementor-top-column elementor-element elementor-element-a82d93c\" data-id=\"a82d93c\" data-element_type=\"column\">\n\t\t\t<div class=\"elementor-column-wrap elementor-element-populated\">\n\t\t\t\t\t\t\t<div class=\"elementor-widget-wrap\">\n\t\t\t\t\t\t<div class=\"elementor-element elementor-element-cda52a9 elementor-skin-slideshow elementor-arrows-yes elementor-widget elementor-widget-media-carousel\" data-id=\"cda52a9\" data-element_type=\"widget\" data-settings=\"{&quot;skin&quot;:&quot;slideshow&quot;,&quot;slideshow_slides_per_view&quot;:&quot;6&quot;,&quot;centered_slides&quot;:&quot;yes&quot;,&quot;autoplay_speed&quot;:&quot;3000&quot;,&quot;effect&quot;:&quot;slide&quot;,&quot;show_arrows&quot;:&quot;yes&quot;,&quot;speed&quot;:500,&quot;autoplay&quot;:&quot;yes&quot;,&quot;loop&quot;:&quot;yes&quot;,&quot;pause_on_hover&quot;:&quot;yes&quot;,&quot;pause_on_interaction&quot;:&quot;yes&quot;,&quot;space_between&quot;:{&quot;unit&quot;:&quot;px&quot;,&quot;size&quot;:10,&quot;sizes&quot;:[]},&quot;space_between_tablet&quot;:{&quot;unit&quot;:&quot;px&quot;,&quot;size&quot;:10,&quot;sizes&quot;:[]},&quot;space_between_mobile&quot;:{&quot;unit&quot;:&quot;px&quot;,&quot;size&quot;:10,&quot;sizes&quot;:[]}}\" data-widget_type=\"media-carousel.default\">\n\t\t\t\t<div class=\"elementor-widget-container\">\n\t\t\t\t\t<div class=\"elementor-swiper\">\n\t\t\t<div class=\"elementor-main-swiper swiper-container\">\n\t\t\t\t<div class=\"swiper-wrapper\">\n\t\t\t\t\t\t\t\t\t\t\t<div class=\"swiper-slide\">\n\t\t\t\t\t\t\t\t\t<div class=\"elementor-carousel-image\" role=\"img\" aria-label=\"flota-jetski huelva | JetSkiDream\" style=\"background-image: url(&#039;https:\/\/test.jetskidream.com\/wp-content\/uploads\/2022\/07\/flota-jetski.jpg&#039;)\">\n\n\t\t\t\n\t\t\t\t\t<\/div>\n\t\t\t\t\t\t\t\t<\/div>\n\t\t\t\t\t\t\t\t\t\t\t<div class=\"swiper-slide\">\n\t\t\t\t\t\t\t\t\t<div class=\"elementor-carousel-image\" role=\"img\" aria-label=\"v\u00e9los aquatiques-\u00eele-cannelle\" style=\"background-image: url(&#039;https:\/\/test.jetskidream.com\/wp-content\/uploads\/2022\/06\/motos-de-agua-isla-canela.jpg&#039;)\">\n\n\t\t\t\n\t\t\t\t\t<\/div>\n\t\t\t\t\t\t\t\t<\/div>\n\t\t\t\t\t\t\t\t\t\t\t<div class=\"swiper-slide\">\n\t\t\t\t\t\t\t\t\t<div class=\"elementor-carousel-image\" role=\"img\" aria-label=\"Boutique JetSkiDream : Livre\" style=\"background-image: url(&#039;https:\/\/test.jetskidream.com\/wp-content\/uploads\/2022\/03\/tienda-jsd.jpg&#039;)\">\n\n\t\t\t\n\t\t\t\t\t<\/div>\n\t\t\t\t\t\t\t\t<\/div>\n\t\t\t\t\t\t\t\t\t\t\t<div class=\"swiper-slide\">\n\t\t\t\t\t\t\t\t\t<div class=\"elementor-carousel-image\" role=\"img\" aria-label=\"jet-skis\" style=\"background-image: url(&#039;https:\/\/test.jetskidream.com\/wp-content\/uploads\/2022\/06\/motos-de-agua.jpg&#039;)\">\n\n\t\t\t\n\t\t\t\t\t<\/div>\n\t\t\t\t\t\t\t\t<\/div>\n\t\t\t\t\t\t\t\t\t\t\t<div class=\"swiper-slide\">\n\t\t\t\t\t\t\t\t\t<div class=\"elementor-carousel-image\" role=\"img\" aria-label=\"Jet ski huelva | JetSkiDream\" style=\"background-image: url(&#039;https:\/\/test.jetskidream.com\/wp-content\/uploads\/2022\/07\/Motos-de-agua-huelva-1.jpg&#039;)\">\n\n\t\t\t\n\t\t\t\t\t<\/div>\n\t\t\t\t\t\t\t\t<\/div>\n\t\t\t\t\t\t\t\t\t\t\t<div class=\"swiper-slide\">\n\t\t\t\t\t\t\t\t\t<div class=\"elementor-carousel-image\" role=\"img\" aria-label=\"Pura Vida : R\u00e9servation : JetSkiDream\" style=\"background-image: url(&#039;https:\/\/test.jetskidream.com\/wp-content\/uploads\/2022\/03\/Pura-Vida.jpg&#039;)\">\n\n\t\t\t\n\t\t\t\t\t<\/div>\n\t\t\t\t\t\t\t\t<\/div>\n\t\t\t\t\t\t\t\t\t\t\t<div class=\"swiper-slide\">\n\t\t\t\t\t\t\t\t\t<div class=\"elementor-carousel-image\" role=\"img\" aria-label=\"Le fleuve Guadiana | R\u00e9servation | JetSkiDream\" style=\"background-image: url(&#039;https:\/\/test.jetskidream.com\/wp-content\/uploads\/2022\/03\/El-rio-guadiana.jpg&#039;)\">\n\n\t\t\t\n\t\t\t\t\t<\/div>\n\t\t\t\t\t\t\t\t<\/div>\n\t\t\t\t\t\t\t\t\t\t\t<div class=\"swiper-slide\">\n\t\t\t\t\t\t\t\t\t<div class=\"elementor-carousel-image\" role=\"img\" aria-label=\"jet-skis-jetskidream\" style=\"background-image: url(&#039;https:\/\/test.jetskidream.com\/wp-content\/uploads\/2022\/06\/motos-de-agua-jetskidream.jpg&#039;)\">\n\n\t\t\t\n\t\t\t\t\t<\/div>\n\t\t\t\t\t\t\t\t<\/div>\n\t\t\t\t\t\t\t\t\t\t\t<div class=\"swiper-slide\">\n\t\t\t\t\t\t\t\t\t<div class=\"elementor-carousel-image\" role=\"img\" aria-label=\"routes-\u00eeles-canaries-\u00eeles-jetskidream\" style=\"background-image: url(&#039;https:\/\/test.jetskidream.com\/wp-content\/uploads\/2022\/03\/rutas-isla-canela-jetskidream.jpg&#039;)\">\n\n\t\t\t\n\t\t\t\t\t<\/div>\n\t\t\t\t\t\t\t\t<\/div>\n\t\t\t\t\t\t\t\t\t\t\t<div class=\"swiper-slide\">\n\t\t\t\t\t\t\t\t\t<div class=\"elementor-carousel-image\" role=\"img\" aria-label=\"motos-de-agua-huelva\" style=\"background-image: url(&#039;https:\/\/test.jetskidream.com\/wp-content\/uploads\/2022\/06\/motos-de-agua-huelva.jpg&#039;)\">\n\n\t\t\t\n\t\t\t\t\t<\/div>\n\t\t\t\t\t\t\t\t<\/div>\n\t\t\t\t\t\t\t\t\t\t\t<div class=\"swiper-slide\">\n\t\t\t\t\t\t\t\t\t<div class=\"elementor-carousel-image\" role=\"img\" aria-label=\"JetSkiDream Isla Canela | JetSkiDream JetSkiDream Isla Canela\" style=\"background-image: url(&#039;https:\/\/test.jetskidream.com\/wp-content\/uploads\/2022\/07\/flota-motos-de-agua.jpg&#039;)\">\n\n\t\t\t\n\t\t\t\t\t<\/div>\n\t\t\t\t\t\t\t\t<\/div>\n\t\t\t\t\t\t\t\t\t<\/div>\n\t\t\t\t\t\t\t\t\t\t\t\t\t\t\t\t\t\t\t\t<div class=\"elementor-swiper-button elementor-swiper-button-prev\" role=\"button\" tabindex=\"0\">\n\t\t\t\t\t\t\t<i aria-hidden=\"true\" class=\"eicon-chevron-left\"><\/i>\t\t\t\t\t\t\t<span class=\"elementor-screen-only\">Pr\u00e9c\u00e9dent<\/span>\n\t\t\t\t\t\t<\/div>\n\t\t\t\t\t\t<div class=\"elementor-swiper-button elementor-swiper-button-next\" role=\"button\" tabindex=\"0\">\n\t\t\t\t\t\t\t<i aria-hidden=\"true\" class=\"eicon-chevron-right\"><\/i>\t\t\t\t\t\t\t<span class=\"elementor-screen-only\">Suivant<\/span>\n\t\t\t\t\t\t<\/div>\n\t\t\t\t\t\t\t\t\t\t\t\t<\/div>\n\t\t<\/div>\n\t\t\t\t<div class=\"elementor-swiper\">\n\t\t\t<div class=\"elementor-thumbnails-swiper swiper-container\">\n\t\t\t\t<div class=\"swiper-wrapper\">\n\t\t\t\t\t\t\t\t\t\t\t<div class=\"swiper-slide\">\n\t\t\t\t\t\t\t\t\t<div class=\"elementor-carousel-image\" role=\"img\" aria-label=\"flota-jetski huelva | JetSkiDream\" style=\"background-image: url(&#039;https:\/\/test.jetskidream.com\/wp-content\/uploads\/2022\/07\/flota-jetski.jpg&#039;)\">\n\n\t\t\t\n\t\t\t\t\t<\/div>\n\t\t\t\t\t\t\t\t<\/div>\n\t\t\t\t\t\t\t\t\t\t\t<div class=\"swiper-slide\">\n\t\t\t\t\t\t\t\t\t<div class=\"elementor-carousel-image\" role=\"img\" aria-label=\"v\u00e9los aquatiques-\u00eele-cannelle\" style=\"background-image: url(&#039;https:\/\/test.jetskidream.com\/wp-content\/uploads\/2022\/06\/motos-de-agua-isla-canela.jpg&#039;)\">\n\n\t\t\t\n\t\t\t\t\t<\/div>\n\t\t\t\t\t\t\t\t<\/div>\n\t\t\t\t\t\t\t\t\t\t\t<div class=\"swiper-slide\">\n\t\t\t\t\t\t\t\t\t<div class=\"elementor-carousel-image\" role=\"img\" aria-label=\"Boutique JetSkiDream : Livre\" style=\"background-image: url(&#039;https:\/\/test.jetskidream.com\/wp-content\/uploads\/2022\/03\/tienda-jsd.jpg&#039;)\">\n\n\t\t\t\n\t\t\t\t\t<\/div>\n\t\t\t\t\t\t\t\t<\/div>\n\t\t\t\t\t\t\t\t\t\t\t<div class=\"swiper-slide\">\n\t\t\t\t\t\t\t\t\t<div class=\"elementor-carousel-image\" role=\"img\" aria-label=\"jet-skis\" style=\"background-image: url(&#039;https:\/\/test.jetskidream.com\/wp-content\/uploads\/2022\/06\/motos-de-agua.jpg&#039;)\">\n\n\t\t\t\n\t\t\t\t\t<\/div>\n\t\t\t\t\t\t\t\t<\/div>\n\t\t\t\t\t\t\t\t\t\t\t<div class=\"swiper-slide\">\n\t\t\t\t\t\t\t\t\t<div class=\"elementor-carousel-image\" role=\"img\" aria-label=\"Jet ski huelva | JetSkiDream\" style=\"background-image: url(&#039;https:\/\/test.jetskidream.com\/wp-content\/uploads\/2022\/07\/Motos-de-agua-huelva-1.jpg&#039;)\">\n\n\t\t\t\n\t\t\t\t\t<\/div>\n\t\t\t\t\t\t\t\t<\/div>\n\t\t\t\t\t\t\t\t\t\t\t<div class=\"swiper-slide\">\n\t\t\t\t\t\t\t\t\t<div class=\"elementor-carousel-image\" role=\"img\" aria-label=\"Pura Vida : R\u00e9servation : JetSkiDream\" style=\"background-image: url(&#039;https:\/\/test.jetskidream.com\/wp-content\/uploads\/2022\/03\/Pura-Vida.jpg&#039;)\">\n\n\t\t\t\n\t\t\t\t\t<\/div>\n\t\t\t\t\t\t\t\t<\/div>\n\t\t\t\t\t\t\t\t\t\t\t<div class=\"swiper-slide\">\n\t\t\t\t\t\t\t\t\t<div class=\"elementor-carousel-image\" role=\"img\" aria-label=\"Le fleuve Guadiana | R\u00e9servation | JetSkiDream\" style=\"background-image: url(&#039;https:\/\/test.jetskidream.com\/wp-content\/uploads\/2022\/03\/El-rio-guadiana.jpg&#039;)\">\n\n\t\t\t\n\t\t\t\t\t<\/div>\n\t\t\t\t\t\t\t\t<\/div>\n\t\t\t\t\t\t\t\t\t\t\t<div class=\"swiper-slide\">\n\t\t\t\t\t\t\t\t\t<div class=\"elementor-carousel-image\" role=\"img\" aria-label=\"jet-skis-jetskidream\" style=\"background-image: url(&#039;https:\/\/test.jetskidream.com\/wp-content\/uploads\/2022\/06\/motos-de-agua-jetskidream.jpg&#039;)\">\n\n\t\t\t\n\t\t\t\t\t<\/div>\n\t\t\t\t\t\t\t\t<\/div>\n\t\t\t\t\t\t\t\t\t\t\t<div class=\"swiper-slide\">\n\t\t\t\t\t\t\t\t\t<div class=\"elementor-carousel-image\" role=\"img\" aria-label=\"routes-\u00eeles-canaries-\u00eeles-jetskidream\" style=\"background-image: url(&#039;https:\/\/test.jetskidream.com\/wp-content\/uploads\/2022\/03\/rutas-isla-canela-jetskidream.jpg&#039;)\">\n\n\t\t\t\n\t\t\t\t\t<\/div>\n\t\t\t\t\t\t\t\t<\/div>\n\t\t\t\t\t\t\t\t\t\t\t<div class=\"swiper-slide\">\n\t\t\t\t\t\t\t\t\t<div class=\"elementor-carousel-image\" role=\"img\" aria-label=\"motos-de-agua-huelva\" style=\"background-image: url(&#039;https:\/\/test.jetskidream.com\/wp-content\/uploads\/2022\/06\/motos-de-agua-huelva.jpg&#039;)\">\n\n\t\t\t\n\t\t\t\t\t<\/div>\n\t\t\t\t\t\t\t\t<\/div>\n\t\t\t\t\t\t\t\t\t\t\t<div class=\"swiper-slide\">\n\t\t\t\t\t\t\t\t\t<div class=\"elementor-carousel-image\" role=\"img\" aria-label=\"JetSkiDream Isla Canela | JetSkiDream JetSkiDream Isla Canela\" style=\"background-image: url(&#039;https:\/\/test.jetskidream.com\/wp-content\/uploads\/2022\/07\/flota-motos-de-agua.jpg&#039;)\">\n\n\t\t\t\n\t\t\t\t\t<\/div>\n\t\t\t\t\t\t\t\t<\/div>\n\t\t\t\t\t\t\t\t\t<\/div>\n\t\t\t\t\t\t\t\t\t\t\t\t\t\t\t\t\t\t\t\t\t<\/div>\n\t\t<\/div>\n\t\t\t\t<\/div>\n\t\t\t\t<\/div>\n\t\t\t\t\t\t<\/div>\n\t\t\t\t\t<\/div>\n\t\t<\/div>\n\t\t\t\t\t\t\t\t<\/div>\n\t\t\t\t\t<\/div>\n\t\t<\/section>\n\t\t\t\t<section data-particle_enable=\"false\" data-particle-mobile-disabled=\"false\" class=\"elementor-section elementor-top-section elementor-element elementor-element-e8b209b elementor-section-boxed elementor-section-height-default elementor-section-height-default\" data-id=\"e8b209b\" data-element_type=\"section\">\n\t\t\t\t\t\t<div class=\"elementor-container elementor-column-gap-default\">\n\t\t\t\t\t\t\t<div class=\"elementor-row\">\n\t\t\t\t\t<div class=\"elementor-column elementor-col-100 elementor-top-column elementor-element elementor-element-fbc6ae2\" data-id=\"fbc6ae2\" data-element_type=\"column\">\n\t\t\t<div class=\"elementor-column-wrap elementor-element-populated\">\n\t\t\t\t\t\t\t<div class=\"elementor-widget-wrap\">\n\t\t\t\t\t\t<div class=\"elementor-element elementor-element-d66dab8 elementor-widget elementor-widget-heading\" data-id=\"d66dab8\" data-element_type=\"widget\" data-widget_type=\"heading.default\">\n\t\t\t\t<div class=\"elementor-widget-container\">\n\t\t\t<h2 class=\"elementor-heading-title elementor-size-default\">Le design r\u00e9volutionnaire du SEA DOO GTX PRO avec le casque et le nouveau moteur 1630cc cr\u00e9e une exp\u00e9rience de conduite tr\u00e8s confortable gr\u00e2ce \u00e0 la r\u00e9duction du bruit et des vibrations, am\u00e9liorant ainsi la sensation de conduite. Le nouveau casque ST3, h\u00e9rit\u00e9 de la gamme haut de gamme SEA DOO, permet un contr\u00f4le total de la moto, une plus grande stabilit\u00e9 et une s\u00e9curit\u00e9 accrue dans toutes les conditions m\u00e9t\u00e9orologiques.<\/h2>\t\t<\/div>\n\t\t\t\t<\/div>\n\t\t\t\t\t\t<\/div>\n\t\t\t\t\t<\/div>\n\t\t<\/div>\n\t\t\t\t\t\t\t\t<\/div>\n\t\t\t\t\t<\/div>\n\t\t<\/section>\n\t\t\t\t<section data-particle_enable=\"false\" data-particle-mobile-disabled=\"false\" class=\"elementor-section elementor-top-section elementor-element elementor-element-a9495fd elementor-hidden-phone elementor-section-boxed elementor-section-height-default elementor-section-height-default\" data-id=\"a9495fd\" data-element_type=\"section\">\n\t\t\t\t\t\t<div class=\"elementor-container elementor-column-gap-default\">\n\t\t\t\t\t\t\t<div class=\"elementor-row\">\n\t\t\t\t\t<div class=\"elementor-column elementor-col-100 elementor-top-column elementor-element elementor-element-f3b22fd\" data-id=\"f3b22fd\" data-element_type=\"column\">\n\t\t\t<div class=\"elementor-column-wrap elementor-element-populated\">\n\t\t\t\t\t\t\t<div class=\"elementor-widget-wrap\">\n\t\t\t\t\t\t<div class=\"elementor-element elementor-element-df47cb0 elementor-fixed elementor-view-stacked elementor-shape-circle elementor-widget elementor-widget-icon\" data-id=\"df47cb0\" data-element_type=\"widget\" data-settings=\"{&quot;_position&quot;:&quot;fixed&quot;}\" data-widget_type=\"icon.default\">\n\t\t\t\t<div class=\"elementor-widget-container\">\n\t\t\t\t\t<div class=\"elementor-icon-wrapper\">\n\t\t\t<a class=\"elementor-icon elementor-animation-pulse\" href=\"https:\/\/api.whatsapp.com\/send?phone=+34611421827\">\n\t\t\t<i aria-hidden=\"true\" class=\"fab fa-whatsapp\"><\/i>\t\t\t<\/a>\n\t\t<\/div>\n\t\t\t\t<\/div>\n\t\t\t\t<\/div>\n\t\t\t\t\t\t<\/div>\n\t\t\t\t\t<\/div>\n\t\t<\/div>\n\t\t\t\t\t\t\t\t<\/div>\n\t\t\t\t\t<\/div>\n\t\t<\/section>\n\t\t\t\t\t\t\t\t\t<\/div>\n\t\t\t<\/div>\n\t\t\t\t\t<\/div>","protected":false},"excerpt":{"rendered":"<p>Jet skis Nous vous offrons la plus grande et la plus r\u00e9cente flotte de SEA DOO sur la c\u00f4te de Huelva. Un nouveau jet ski con\u00e7u pour vivre des exp\u00e9riences inoubliables, gr\u00e2ce \u00e0 ses caract\u00e9ristiques haut de gamme. Pr\u00e9c\u00e9dent Suivant Le design r\u00e9volutionnaire du SEA DOO GTX PRO avec sa coque et son nouveau moteur 1630cc [...]<\/p>","protected":false},"author":14,"featured_media":0,"parent":0,"menu_order":0,"comment_status":"closed","ping_status":"closed","template":"","meta":{"footnotes":""},"yoast_head":"<!-- This site is optimized with the Yoast SEO plugin v20.9 - https:\/\/yoast.com\/wordpress\/plugins\/seo\/ -->\n<title>Alquila nuestras motos de agua - JetSkiDream<\/title>\n<meta name=\"description\" content=\"Alquila nuestras motos de agua y siente la velocidad como nunca antes, con nuestras SEA DOO GTX PRO de 1630cc \u00a1Atr\u00e9vete!\" \/>\n<meta name=\"robots\" content=\"noindex, follow, max-snippet:-1, max-image-preview:large, max-video-preview:-1\" \/>\n<meta property=\"og:locale\" content=\"fr_FR\" \/>\n<meta property=\"og:type\" content=\"article\" \/>\n<meta property=\"og:title\" content=\"Nuestras motos de agua de alquiler JetSkiDream\" \/>\n<meta property=\"og:description\" content=\"Alquila nuestras motos de agua y siente la velocidad como nunca antes, gracias al nuevo motor de nuestras SEA DOO GTX PRO de 1630cc \u00a1Atr\u00e9vete!\" \/>\n<meta property=\"og:url\" content=\"https:\/\/test.jetskidream.com\/fr\/motos-de-agua\/\" \/>\n<meta property=\"og:site_name\" content=\"JetSkiDream\" \/>\n<meta property=\"article:modified_time\" content=\"2022-07-08T05:25:40+00:00\" \/>\n<meta property=\"og:image\" content=\"https:\/\/test.jetskidream.com\/wp-content\/uploads\/2021\/07\/logo-sem_Mesa-de-trabajo-1.png\" \/>\n\t<meta property=\"og:image:width\" content=\"5001\" \/>\n\t<meta property=\"og:image:height\" content=\"5001\" \/>\n\t<meta property=\"og:image:type\" content=\"image\/png\" \/>\n<meta name=\"twitter:card\" content=\"summary_large_image\" \/>\n<meta name=\"twitter:label1\" content=\"Dur\u00e9e de lecture estim\u00e9e\" \/>\n\t<meta name=\"twitter:data1\" content=\"1 minute\" \/>\n<script type=\"application\/ld+json\" class=\"yoast-schema-graph\">{\"@context\":\"https:\/\/schema.org\",\"@graph\":[{\"@type\":\"WebPage\",\"@id\":\"https:\/\/test.jetskidream.com\/motos-de-agua\/\",\"url\":\"https:\/\/test.jetskidream.com\/motos-de-agua\/\",\"name\":\"Alquila nuestras motos de agua - JetSkiDream\",\"isPartOf\":{\"@id\":\"https:\/\/test.jetskidream.com\/#website\"},\"datePublished\":\"2021-05-13T11:28:30+00:00\",\"dateModified\":\"2022-07-08T05:25:40+00:00\",\"description\":\"Alquila nuestras motos de agua y siente la velocidad como nunca antes, con nuestras SEA DOO GTX PRO de 1630cc \u00a1Atr\u00e9vete!\",\"breadcrumb\":{\"@id\":\"https:\/\/test.jetskidream.com\/motos-de-agua\/#breadcrumb\"},\"inLanguage\":\"fr-FR\",\"potentialAction\":[{\"@type\":\"ReadAction\",\"target\":[\"https:\/\/test.jetskidream.com\/motos-de-agua\/\"]}]},{\"@type\":\"BreadcrumbList\",\"@id\":\"https:\/\/test.jetskidream.com\/motos-de-agua\/#breadcrumb\",\"itemListElement\":[{\"@type\":\"ListItem\",\"position\":1,\"name\":\"Home\",\"item\":\"https:\/\/test.jetskidream.com\/\"},{\"@type\":\"ListItem\",\"position\":2,\"name\":\"Motos de agua\"}]},{\"@type\":\"WebSite\",\"@id\":\"https:\/\/test.jetskidream.com\/#website\",\"url\":\"https:\/\/test.jetskidream.com\/\",\"name\":\"JetSkiDream\",\"description\":\"360\u00ba de oc\u00e9ano para ti\",\"publisher\":{\"@id\":\"https:\/\/test.jetskidream.com\/#organization\"},\"potentialAction\":[{\"@type\":\"SearchAction\",\"target\":{\"@type\":\"EntryPoint\",\"urlTemplate\":\"https:\/\/test.jetskidream.com\/?s={search_term_string}\"},\"query-input\":\"required name=search_term_string\"}],\"inLanguage\":\"fr-FR\"},{\"@type\":\"Organization\",\"@id\":\"https:\/\/test.jetskidream.com\/#organization\",\"name\":\"JetSkiDream\",\"url\":\"https:\/\/test.jetskidream.com\/\",\"logo\":{\"@type\":\"ImageObject\",\"inLanguage\":\"fr-FR\",\"@id\":\"https:\/\/test.jetskidream.com\/#\/schema\/logo\/image\/\",\"url\":\"https:\/\/test.jetskidream.com\/wp-content\/uploads\/2021\/01\/logo-cop333ia0.png\",\"contentUrl\":\"https:\/\/test.jetskidream.com\/wp-content\/uploads\/2021\/01\/logo-cop333ia0.png\",\"width\":550,\"height\":173,\"caption\":\"JetSkiDream\"},\"image\":{\"@id\":\"https:\/\/test.jetskidream.com\/#\/schema\/logo\/image\/\"}}]}<\/script>\n<!-- \/ Yoast SEO plugin. -->","yoast_head_json":{"title":"Alquila nuestras motos de agua - JetSkiDream","description":"Alquila nuestras motos de agua y siente la velocidad como nunca antes, con nuestras SEA DOO GTX PRO de 1630cc \u00a1Atr\u00e9vete!","robots":{"index":"noindex","follow":"follow","max-snippet":"max-snippet:-1","max-image-preview":"max-image-preview:large","max-video-preview":"max-video-preview:-1"},"og_locale":"fr_FR","og_type":"article","og_title":"Nuestras motos de agua de alquiler JetSkiDream","og_description":"Alquila nuestras motos de agua y siente la velocidad como nunca antes, gracias al nuevo motor de nuestras SEA DOO GTX PRO de 1630cc \u00a1Atr\u00e9vete!","og_url":"https:\/\/test.jetskidream.com\/fr\/motos-de-agua\/","og_site_name":"JetSkiDream","article_modified_time":"2022-07-08T05:25:40+00:00","og_image":[{"width":5001,"height":5001,"url":"https:\/\/test.jetskidream.com\/wp-content\/uploads\/2021\/07\/logo-sem_Mesa-de-trabajo-1.png","type":"image\/png"}],"twitter_card":"summary_large_image","twitter_misc":{"Dur\u00e9e de lecture estim\u00e9e":"1 minute"},"schema":{"@context":"https:\/\/schema.org","@graph":[{"@type":"WebPage","@id":"https:\/\/test.jetskidream.com\/motos-de-agua\/","url":"https:\/\/test.jetskidream.com\/motos-de-agua\/","name":"Alquila nuestras motos de agua - JetSkiDream","isPartOf":{"@id":"https:\/\/test.jetskidream.com\/#website"},"datePublished":"2021-05-13T11:28:30+00:00","dateModified":"2022-07-08T05:25:40+00:00","description":"Alquila nuestras motos de agua y siente la velocidad como nunca antes, con nuestras SEA DOO GTX PRO de 1630cc \u00a1Atr\u00e9vete!","breadcrumb":{"@id":"https:\/\/test.jetskidream.com\/motos-de-agua\/#breadcrumb"},"inLanguage":"fr-FR","potentialAction":[{"@type":"ReadAction","target":["https:\/\/test.jetskidream.com\/motos-de-agua\/"]}]},{"@type":"BreadcrumbList","@id":"https:\/\/test.jetskidream.com\/motos-de-agua\/#breadcrumb","itemListElement":[{"@type":"ListItem","position":1,"name":"Home","item":"https:\/\/test.jetskidream.com\/"},{"@type":"ListItem","position":2,"name":"Motos de agua"}]},{"@type":"WebSite","@id":"https:\/\/test.jetskidream.com\/#website","url":"https:\/\/test.jetskidream.com\/","name":"JetSkiDream","description":"360\u00ba de oc\u00e9ano para ti","publisher":{"@id":"https:\/\/test.jetskidream.com\/#organization"},"potentialAction":[{"@type":"SearchAction","target":{"@type":"EntryPoint","urlTemplate":"https:\/\/test.jetskidream.com\/?s={search_term_string}"},"query-input":"required name=search_term_string"}],"inLanguage":"fr-FR"},{"@type":"Organization","@id":"https:\/\/test.jetskidream.com\/#organization","name":"JetSkiDream","url":"https:\/\/test.jetskidream.com\/","logo":{"@type":"ImageObject","inLanguage":"fr-FR","@id":"https:\/\/test.jetskidream.com\/#\/schema\/logo\/image\/","url":"https:\/\/test.jetskidream.com\/wp-content\/uploads\/2021\/01\/logo-cop333ia0.png","contentUrl":"https:\/\/test.jetskidream.com\/wp-content\/uploads\/2021\/01\/logo-cop333ia0.png","width":550,"height":173,"caption":"JetSkiDream"},"image":{"@id":"https:\/\/test.jetskidream.com\/#\/schema\/logo\/image\/"}}]}},"_links":{"self":[{"href":"https:\/\/test.jetskidream.com\/fr\/wp-json\/wp\/v2\/pages\/27104"}],"collection":[{"href":"https:\/\/test.jetskidream.com\/fr\/wp-json\/wp\/v2\/pages"}],"about":[{"href":"https:\/\/test.jetskidream.com\/fr\/wp-json\/wp\/v2\/types\/page"}],"author":[{"embeddable":true,"href":"https:\/\/test.jetskidream.com\/fr\/wp-json\/wp\/v2\/users\/14"}],"replies":[{"embeddable":true,"href":"https:\/\/test.jetskidream.com\/fr\/wp-json\/wp\/v2\/comments?post=27104"}],"version-history":[{"count":0,"href":"https:\/\/test.jetskidream.com\/fr\/wp-json\/wp\/v2\/pages\/27104\/revisions"}],"wp:attachment":[{"href":"https:\/\/test.jetskidream.com\/fr\/wp-json\/wp\/v2\/media?parent=27104"}],"curies":[{"name":"wp","href":"https:\/\/api.w.org\/{rel}","templated":true}]}}